{"id":28144,"date":"2025-01-27T09:02:43","date_gmt":"2025-01-27T08:02:43","guid":{"rendered":"https:\/\/fish-festival.de\/fishzug\/"},"modified":"2026-01-19T14:30:01","modified_gmt":"2026-01-19T13:30:01","slug":"fishzug","status":"publish","type":"page","link":"https:\/\/fish-festival.de\/en\/fishzug\/","title":{"rendered":"FiSHScreenings"},"content":{"rendered":"<div class=\"fusion-fullwidth fullwidth-box fusion-builder-row-1 fusion-flex-container nonhundred-percent-fullwidth non-hundred-percent-height-scrolling\" style=\"background-color: rgba(255,255,255,0);background-position: left top;background-repeat: no-repeat;border-width: 0px 0px 0px 0px;border-color:#eae9e9;border-style:solid;\" ><div class=\"fusion-builder-row fusion-row fusion-flex-align-items-center fusion-flex-justify-content-center\" style=\"max-width:1144px;margin-left: calc(-4% \/ 2 );margin-right: calc(-4% \/ 2 );\"><div class=\"fusion-layout-column fusion_builder_column fusion-builder-column-0 fusion_builder_column_1_1 1_1 fusion-flex-column fusion-flex-align-self-flex-start fusion-column-no-min-height\"><div class=\"fusion-column-wrapper fusion-flex-justify-content-flex-start fusion-content-layout-column\" style=\"background-position:left top;background-blend-mode: overlay;background-repeat:no-repeat;-webkit-background-size:cover;-moz-background-size:cover;-o-background-size:cover;background-size:cover;padding: 0px 0px 0px 0px;\"><style type=\"text\/css\">@media only screen and (max-width:1023px) {.fusion-title.fusion-title-1{margin-top:0px!important; margin-right:0px!important;margin-bottom:30px!important;margin-left:0px!important;}}@media only screen and (max-width:640px) {.fusion-title.fusion-title-1{margin-top:0px!important; margin-right:0px!important;margin-bottom:20px!important; margin-left:0px!important;}}<\/style><div class=\"fusion-title title fusion-title-1 fusion-sep-none fusion-title-text fusion-title-size-one\" style=\"margin-top:0px;margin-right:0px;margin-bottom:30px;margin-left:0px;\"><h1 class=\"title-heading-left\" style=\"margin:0;\"><div><\/div>\n<p><\/p>\n<div>FiSHscreenings<\/div><\/h1><\/div><\/div><style type=\"text\/css\">.fusion-body .fusion-builder-column-0{width:100% !important;margin-top : 0px;margin-bottom : 0px;}.fusion-builder-column-0 > .fusion-column-wrapper {padding-top : 0px !important;padding-right : 0px !important;margin-right : 1.92%;padding-bottom : 0px !important;padding-left : 0px !important;margin-left : 1.92%;}@media only screen and (max-width:1023px) {.fusion-body .fusion-builder-column-0{width:100% !important;}.fusion-builder-column-0 > .fusion-column-wrapper {margin-right : 1.92%;margin-left : 1.92%;}}@media only screen and (max-width:640px) {.fusion-body .fusion-builder-column-0{width:100% !important;}.fusion-builder-column-0 > .fusion-column-wrapper {margin-right : 1.92%;margin-left : 1.92%;}}<\/style><\/div><div class=\"fusion-layout-column fusion_builder_column fusion-builder-column-1 fusion_builder_column_1_1 1_1 fusion-flex-column fusion-flex-align-self-center\"><div class=\"fusion-column-wrapper fusion-flex-justify-content-center fusion-content-layout-column\" style=\"background-position:left top;background-repeat:no-repeat;-webkit-background-size:cover;-moz-background-size:cover;-o-background-size:cover;background-size:cover;padding: 0px 0px 0px 0px;\"><div class=\"fusion-text fusion-text-1\"><p data-start=\"206\" data-end=\"444\">The FiSH Film Festival Rostock is more than just a festival week \u2013 it\u2019s a year-round celebration of film. We want the films from our program to keep travelling: to other film and music festivals, themed events, schools, and youth clubs.<\/p>\n<\/p>\n<p data-start=\"446\" data-end=\"653\">In doing so, we showcase the creative potential of young filmmakers and make their perspectives visible. Their stories open up new ways of seeing the world \u2013 inspiring, touching, and sometimes challenging.<\/p>\n<\/p>\n<p data-start=\"655\" data-end=\"890\">With the FiSH Screenings, we bring these films to places where people connect and start conversations \u2013 about art, society, and what brings us together. Because cinema can take a stand \u2013 and that\u2019s exactly what we want to strengthen.<\/p>\n<\/p>\n<p data-start=\"755\" data-end=\"971\">So zeigen wir das gro\u00dfe Potenzial junger Filmschaffender und machen ihre Perspektiven sichtbar. Ihre Geschichten er\u00f6ffnen neue Blickwinkel auf unsere Welt:\u00a0 inspirierend, ber\u00fchrend und manchmal auch herausfordernd.<\/p>\n<\/p>\n<p data-start=\"973\" data-end=\"1189\">Mit den FiSH Screenings m\u00f6chten wir diese Filme dahin bringen, wo Menschen ins Gespr\u00e4ch kommen: \u00fcber Kunst, Gesellschaft und das, was uns verbindet. Denn Kino kann Haltung zeigen \u2013 und genau das wollen wir st\u00e4rken.<\/p>\n<p>&nbsp;<\/p>\n<\/div><\/div><style type=\"text\/css\">.fusion-body .fusion-builder-column-1{width:100% !important;margin-top : 0px;margin-bottom : 0px;}.fusion-builder-column-1 > .fusion-column-wrapper {padding-top : 0px !important;padding-right : 0px !important;margin-right : 1.92%;padding-bottom : 0px !important;padding-left : 0px !important;margin-left : 1.92%;}@media only screen and (max-width:1023px) {.fusion-body .fusion-builder-column-1{width:100% !important;order : 0;}.fusion-builder-column-1 > .fusion-column-wrapper {margin-right : 1.92%;margin-left : 1.92%;}}@media only screen and (max-width:640px) {.fusion-body .fusion-builder-column-1{width:100% !important;order : 0;}.fusion-builder-column-1 > .fusion-column-wrapper {margin-right : 1.92%;margin-left : 1.92%;}}<\/style><\/div><\/div><style type=\"text\/css\">.fusion-body .fusion-flex-container.fusion-builder-row-1{ padding-top : 0px;margin-top : 0px;padding-right : 0px;padding-bottom : 0px;margin-bottom : 0px;padding-left : 0px;}<\/style><\/div><div class=\"fusion-fullwidth fullwidth-box fusion-builder-row-2 fusion-flex-container nonhundred-percent-fullwidth non-hundred-percent-height-scrolling\" style=\"background-color: rgba(255,255,255,0);background-position: left top;background-repeat: no-repeat;border-width: 0px 0px 0px 0px;border-color:#eae9e9;border-style:solid;\" ><div class=\"fusion-builder-row fusion-row fusion-flex-align-items-center fusion-flex-justify-content-center\" style=\"max-width:1144px;margin-left: calc(-4% \/ 2 );margin-right: calc(-4% \/ 2 );\"><div class=\"fusion-layout-column fusion_builder_column fusion-builder-column-2 fusion_builder_column_1_1 1_1 fusion-flex-column fusion-flex-align-self-flex-start fusion-column-no-min-height\"><div class=\"fusion-column-wrapper fusion-flex-justify-content-flex-start fusion-content-layout-column\" style=\"background-position:left top;background-blend-mode: overlay;background-repeat:no-repeat;-webkit-background-size:cover;-moz-background-size:cover;-o-background-size:cover;background-size:cover;padding: 0px 0px 0px 0px;\"><style type=\"text\/css\">@media only screen and (max-width:1023px) {.fusion-title.fusion-title-2{margin-top:0px!important; margin-right:0px!important;margin-bottom:30px!important;margin-left:0px!important;}}@media only screen and (max-width:640px) {.fusion-title.fusion-title-2{margin-top:0px!important; margin-right:0px!important;margin-bottom:20px!important; margin-left:0px!important;}}<\/style><div class=\"fusion-title title fusion-title-2 fusion-sep-none fusion-title-text fusion-title-size-one\" style=\"margin-top:0px;margin-right:0px;margin-bottom:30px;margin-left:0px;\"><h1 class=\"title-heading-left\" style=\"margin:0;\"><h3 style=\"text-align: center;\">&nbsp;Filmsreenings 2026<\/h3>\n<p><\/h1><\/div><\/div><style type=\"text\/css\">.fusion-body .fusion-builder-column-2{width:100% !important;margin-top : 0px;margin-bottom : 0px;}.fusion-builder-column-2 > .fusion-column-wrapper {padding-top : 0px !important;padding-right : 0px !important;margin-right : 1.92%;padding-bottom : 0px !important;padding-left : 0px !important;margin-left : 1.92%;}@media only screen and (max-width:1023px) {.fusion-body .fusion-builder-column-2{width:100% !important;}.fusion-builder-column-2 > .fusion-column-wrapper {margin-right : 1.92%;margin-left : 1.92%;}}@media only screen and (max-width:640px) {.fusion-body .fusion-builder-column-2{width:100% !important;}.fusion-builder-column-2 > .fusion-column-wrapper {margin-right : 1.92%;margin-left : 1.92%;}}<\/style><\/div><div class=\"fusion-layout-column fusion_builder_column fusion-builder-column-3 fusion_builder_column_1_5 1_5 fusion-flex-column fusion-flex-align-self-flex-start fusion-column-no-min-height\"><div class=\"fusion-column-wrapper fusion-flex-justify-content-flex-start fusion-content-layout-column\" style=\"background-position:left top;background-blend-mode: overlay;background-repeat:no-repeat;-webkit-background-size:cover;-moz-background-size:cover;-o-background-size:cover;background-size:cover;padding: 0px 0px 0px 0px;\"><div class=\"fusion-text fusion-text-2\"><p style=\"text-align: right;\">12.01.2026<br \/>\n09.02.2026<br \/>\n09.03.2026<br \/>\n13.04.2026<\/p>\n<p>\n<\/div><\/div><style type=\"text\/css\">.fusion-body .fusion-builder-column-3{width:20% !important;margin-top : 0px;margin-bottom : 0px;}.fusion-builder-column-3 > .fusion-column-wrapper {padding-top : 0px !important;padding-right : 0px !important;margin-right : 9.6%;padding-bottom : 0px !important;padding-left : 0px !important;margin-left : 9.6%;}@media only screen and (max-width:1023px) {.fusion-body .fusion-builder-column-3{width:100% !important;}.fusion-builder-column-3 > .fusion-column-wrapper {margin-right : 1.92%;margin-left : 1.92%;}}@media only screen and (max-width:640px) {.fusion-body .fusion-builder-column-3{width:100% !important;}.fusion-builder-column-3 > .fusion-column-wrapper {margin-right : 1.92%;margin-left : 1.92%;}}<\/style><\/div><div class=\"fusion-layout-column fusion_builder_column fusion-builder-column-4 fusion_builder_column_4_5 4_5 fusion-flex-column fusion-flex-align-self-flex-start fusion-column-no-min-height\"><div class=\"fusion-column-wrapper fusion-flex-justify-content-flex-start fusion-content-layout-column\" style=\"background-position:left top;background-blend-mode: overlay;background-repeat:no-repeat;-webkit-background-size:cover;-moz-background-size:cover;-o-background-size:cover;background-size:cover;padding: 0px 0px 0px 0px;\"><div class=\"fusion-text fusion-text-3\"><p style=\"text-align: left;\">FiSH x Gerda &#8220;OFFshorts Filme&#8221; starting 8pm at <a href=\"https:\/\/gerda-e-v.jimdosite.com\">Gerda&#8217;s Garage<\/a> (Rostock)<br \/>\nFiSH x Gerda &#8220;Local Shorts&#8221; starting 8pm at <a href=\"https:\/\/gerda-e-v.jimdosite.com\">Gerda&#8217;s Garage<\/a> (Rostock)<br \/>\nFiSH x Gerda &#8220;LGBTQIA+ Movies&#8221; starting 8pm at <a href=\"https:\/\/gerda-e-v.jimdosite.com\">Gerda&#8217;s Garage<\/a> (Rostock)<br \/>\nFiSH x Gerda &#8220;JUNGER FILM&#8221; starting 8pm at <a href=\"https:\/\/gerda-e-v.jimdosite.com\">Gerda&#8217;s Garage<\/a> (Rostock)<\/p>\n<\/div><\/div><style type=\"text\/css\">.fusion-body .fusion-builder-column-4{width:80% !important;margin-top : 0px;margin-bottom : 0px;}.fusion-builder-column-4 > .fusion-column-wrapper {padding-top : 0px !important;padding-right : 0px !important;margin-right : 2.4%;padding-bottom : 0px !important;padding-left : 0px !important;margin-left : 2.4%;}@media only screen and (max-width:1023px) {.fusion-body .fusion-builder-column-4{width:100% !important;}.fusion-builder-column-4 > .fusion-column-wrapper {margin-right : 1.92%;margin-left : 1.92%;}}@media only screen and (max-width:640px) {.fusion-body .fusion-builder-column-4{width:100% !important;}.fusion-builder-column-4 > .fusion-column-wrapper {margin-right : 1.92%;margin-left : 1.92%;}}<\/style><\/div><\/div><style type=\"text\/css\">.fusion-body .fusion-flex-container.fusion-builder-row-2{ padding-top : 20px;margin-top : 0px;padding-right : 0px;padding-bottom : 20px;margin-bottom : 0px;padding-left : 0px;}<\/style><\/div><div class=\"fusion-fullwidth fullwidth-box fusion-builder-row-3 fusion-parallax-none hundred-percent-fullwidth non-hundred-percent-height-scrolling fusion-equal-height-columns lazyload\" style=\"background-color: rgba(255,255,255,0);background-position: center center;background-repeat: no-repeat;padding-top:0px;padding-right:0px;padding-bottom:0px;padding-left:0px;margin-top: 50px;border-width: 0px 0px 0px 0px;border-color:#eae9e9;border-style:solid;-webkit-background-size:cover;-moz-background-size:cover;-o-background-size:cover;background-size:cover;\" data-bg=\"https:\/\/fish-festival.de\/wp-content\/uploads\/2025\/05\/IMG_4481-1-scaled.jpg\" ><div class=\"fusion-builder-row fusion-row\"><div class=\"fusion-layout-column fusion_builder_column fusion-builder-column-5 fusion_builder_column_1_1 1_1 fusion-one-full fusion-column-first fusion-column-last\" style=\"margin-top:0px;margin-bottom:0px;\"><div class=\"fusion-column-wrapper fusion-flex-column-wrapper-legacy\" style=\"background-position:left top;background-repeat:no-repeat;-webkit-background-size:cover;-moz-background-size:cover;-o-background-size:cover;background-size:cover;padding: 0px 0px 0px 0px;\"><div class=\"fusion-sep-clear\"><\/div><div class=\"fusion-separator fusion-full-width-sep\" style=\"margin-left: auto;margin-right: auto;margin-top:40%;width:100%;\"><\/div><div class=\"fusion-sep-clear\"><\/div><div class=\"fusion-clearfix\"><\/div><\/div><\/div><\/div><\/div>\n","protected":false},"excerpt":{"rendered":"","protected":false},"author":34,"featured_media":0,"parent":0,"menu_order":0,"comment_status":"closed","ping_status":"closed","template":"100-width.php","meta":{"om_disable_all_campaigns":false,"_monsterinsights_skip_tracking":false,"_monsterinsights_sitenote_active":false,"_monsterinsights_sitenote_note":"","_monsterinsights_sitenote_category":0,"episode_type":"","audio_file":"","cover_image":"","cover_image_id":"","duration":"","filesize":"","date_recorded":"","explicit":"","block":"","filesize_raw":"","ngg_post_thumbnail":0,"footnotes":""},"class_list":["post-28144","page","type-page","status-publish","hentry"],"aioseo_notices":[],"yoast_head":"<!-- This site is optimized with the Yoast SEO plugin v20.0 - https:\/\/yoast.com\/wordpress\/plugins\/seo\/ -->\n<title>FiSH &ndash; FiSHScreenings<\/title>\n<meta name=\"description\" content=\"FiSHScreenings - short film screenings and programmes 2026.\" \/>\n<meta name=\"robots\" content=\"index, follow, max-snippet:-1, max-image-preview:large, max-video-preview:-1\" \/>\n<link rel=\"canonical\" href=\"https:\/\/fish-festival.de\/fishscreenings\/\" \/>\n<meta property=\"og:locale\" content=\"en_US\" \/>\n<meta property=\"og:type\" content=\"article\" \/>\n<meta property=\"og:title\" content=\"FiSH &ndash; FiSHScreenings\" \/>\n<meta property=\"og:description\" content=\"FiSHScreenings - short film screenings and programmes 2026.\" \/>\n<meta property=\"og:url\" content=\"https:\/\/fish-festival.de\/fishscreenings\/\" \/>\n<meta property=\"og:site_name\" content=\"FiSH\" \/>\n<meta property=\"article:publisher\" content=\"https:\/\/www.facebook.com\/fish.filmfestival\" \/>\n<meta property=\"article:modified_time\" content=\"2026-01-19T13:30:01+00:00\" \/>\n<meta name=\"twitter:label1\" content=\"Est. reading time\" \/>\n\t<meta name=\"twitter:data1\" content=\"10 minutes\" \/>\n<script type=\"application\/ld+json\" class=\"yoast-schema-graph\">{\"@context\":\"https:\/\/schema.org\",\"@graph\":[{\"@type\":\"WebPage\",\"@id\":\"https:\/\/fish-festival.de\/fishscreenings\/\",\"url\":\"https:\/\/fish-festival.de\/fishscreenings\/\",\"name\":\"FiSH &ndash; FiSHScreenings\",\"isPartOf\":{\"@id\":\"https:\/\/fish-festival.de\/#website\"},\"datePublished\":\"2025-01-27T08:02:43+00:00\",\"dateModified\":\"2026-01-19T13:30:01+00:00\",\"description\":\"FiSHScreenings - short film screenings and programmes 2026.\",\"breadcrumb\":{\"@id\":\"https:\/\/fish-festival.de\/fishscreenings\/#breadcrumb\"},\"inLanguage\":\"en-US\",\"potentialAction\":[{\"@type\":\"ReadAction\",\"target\":[\"https:\/\/fish-festival.de\/fishscreenings\/\"]}]},{\"@type\":\"BreadcrumbList\",\"@id\":\"https:\/\/fish-festival.de\/fishscreenings\/#breadcrumb\",\"itemListElement\":[{\"@type\":\"ListItem\",\"position\":1,\"name\":\"Startseite\",\"item\":\"https:\/\/fish-festival.de\/en\/home\/\"},{\"@type\":\"ListItem\",\"position\":2,\"name\":\"FiSHScreenings\"}]},{\"@type\":\"WebSite\",\"@id\":\"https:\/\/fish-festival.de\/#website\",\"url\":\"https:\/\/fish-festival.de\/\",\"name\":\"FiSH\",\"description\":\"\",\"publisher\":{\"@id\":\"https:\/\/fish-festival.de\/#organization\"},\"potentialAction\":[{\"@type\":\"SearchAction\",\"target\":{\"@type\":\"EntryPoint\",\"urlTemplate\":\"https:\/\/fish-festival.de\/?s={search_term_string}\"},\"query-input\":\"required name=search_term_string\"}],\"inLanguage\":\"en-US\"},{\"@type\":\"Organization\",\"@id\":\"https:\/\/fish-festival.de\/#organization\",\"name\":\"FiSH\",\"url\":\"https:\/\/fish-festival.de\/\",\"logo\":{\"@type\":\"ImageObject\",\"inLanguage\":\"en-US\",\"@id\":\"https:\/\/fish-festival.de\/#\/schema\/logo\/image\/\",\"url\":\"https:\/\/fish-festival.de\/wp-content\/uploads\/2021\/10\/FiSH21-Preisverleihung-5-1024x682.jpg\",\"contentUrl\":\"https:\/\/fish-festival.de\/wp-content\/uploads\/2021\/10\/FiSH21-Preisverleihung-5-1024x682.jpg\",\"width\":1024,\"height\":682,\"caption\":\"FiSH\"},\"image\":{\"@id\":\"https:\/\/fish-festival.de\/#\/schema\/logo\/image\/\"},\"sameAs\":[\"https:\/\/www.instagram.com\/fish_filmfestival\/\",\"https:\/\/www.youtube.com\/user\/FishFestival\",\"https:\/\/www.facebook.com\/fish.filmfestival\",\"https:\/\/twitter.com\/fishfestival\"]}]}<\/script>\n<!-- \/ Yoast SEO plugin. -->","yoast_head_json":{"title":"FiSH &ndash; FiSHScreenings","description":"FiSHScreenings - short film screenings and programmes 2026.","robots":{"index":"index","follow":"follow","max-snippet":"max-snippet:-1","max-image-preview":"max-image-preview:large","max-video-preview":"max-video-preview:-1"},"canonical":"https:\/\/fish-festival.de\/fishscreenings\/","og_locale":"en_US","og_type":"article","og_title":"FiSH &ndash; FiSHScreenings","og_description":"FiSHScreenings - short film screenings and programmes 2026.","og_url":"https:\/\/fish-festival.de\/fishscreenings\/","og_site_name":"FiSH","article_publisher":"https:\/\/www.facebook.com\/fish.filmfestival","article_modified_time":"2026-01-19T13:30:01+00:00","twitter_misc":{"Est. reading time":"10 minutes"},"schema":{"@context":"https:\/\/schema.org","@graph":[{"@type":"WebPage","@id":"https:\/\/fish-festival.de\/fishscreenings\/","url":"https:\/\/fish-festival.de\/fishscreenings\/","name":"FiSH &ndash; FiSHScreenings","isPartOf":{"@id":"https:\/\/fish-festival.de\/#website"},"datePublished":"2025-01-27T08:02:43+00:00","dateModified":"2026-01-19T13:30:01+00:00","description":"FiSHScreenings - short film screenings and programmes 2026.","breadcrumb":{"@id":"https:\/\/fish-festival.de\/fishscreenings\/#breadcrumb"},"inLanguage":"en-US","potentialAction":[{"@type":"ReadAction","target":["https:\/\/fish-festival.de\/fishscreenings\/"]}]},{"@type":"BreadcrumbList","@id":"https:\/\/fish-festival.de\/fishscreenings\/#breadcrumb","itemListElement":[{"@type":"ListItem","position":1,"name":"Startseite","item":"https:\/\/fish-festival.de\/en\/home\/"},{"@type":"ListItem","position":2,"name":"FiSHScreenings"}]},{"@type":"WebSite","@id":"https:\/\/fish-festival.de\/#website","url":"https:\/\/fish-festival.de\/","name":"FiSH","description":"","publisher":{"@id":"https:\/\/fish-festival.de\/#organization"},"potentialAction":[{"@type":"SearchAction","target":{"@type":"EntryPoint","urlTemplate":"https:\/\/fish-festival.de\/?s={search_term_string}"},"query-input":"required name=search_term_string"}],"inLanguage":"en-US"},{"@type":"Organization","@id":"https:\/\/fish-festival.de\/#organization","name":"FiSH","url":"https:\/\/fish-festival.de\/","logo":{"@type":"ImageObject","inLanguage":"en-US","@id":"https:\/\/fish-festival.de\/#\/schema\/logo\/image\/","url":"https:\/\/fish-festival.de\/wp-content\/uploads\/2021\/10\/FiSH21-Preisverleihung-5-1024x682.jpg","contentUrl":"https:\/\/fish-festival.de\/wp-content\/uploads\/2021\/10\/FiSH21-Preisverleihung-5-1024x682.jpg","width":1024,"height":682,"caption":"FiSH"},"image":{"@id":"https:\/\/fish-festival.de\/#\/schema\/logo\/image\/"},"sameAs":["https:\/\/www.instagram.com\/fish_filmfestival\/","https:\/\/www.youtube.com\/user\/FishFestival","https:\/\/www.facebook.com\/fish.filmfestival","https:\/\/twitter.com\/fishfestival"]}]}},"_links":{"self":[{"href":"https:\/\/fish-festival.de\/en\/wp-json\/wp\/v2\/pages\/28144","targetHints":{"allow":["GET"]}}],"collection":[{"href":"https:\/\/fish-festival.de\/en\/wp-json\/wp\/v2\/pages"}],"about":[{"href":"https:\/\/fish-festival.de\/en\/wp-json\/wp\/v2\/types\/page"}],"author":[{"embeddable":true,"href":"https:\/\/fish-festival.de\/en\/wp-json\/wp\/v2\/users\/34"}],"replies":[{"embeddable":true,"href":"https:\/\/fish-festival.de\/en\/wp-json\/wp\/v2\/comments?post=28144"}],"version-history":[{"count":10,"href":"https:\/\/fish-festival.de\/en\/wp-json\/wp\/v2\/pages\/28144\/revisions"}],"predecessor-version":[{"id":33856,"href":"https:\/\/fish-festival.de\/en\/wp-json\/wp\/v2\/pages\/28144\/revisions\/33856"}],"wp:attachment":[{"href":"https:\/\/fish-festival.de\/en\/wp-json\/wp\/v2\/media?parent=28144"}],"curies":[{"name":"wp","href":"https:\/\/api.w.org\/{rel}","templated":true}]}}